{"id":2078,"date":"2023-02-23T15:01:38","date_gmt":"2023-02-23T15:01:38","guid":{"rendered":"https:\/\/wolke-8.ch\/wp\/?page_id=2078"},"modified":"2025-12-12T21:33:32","modified_gmt":"2025-12-12T21:33:32","slug":"willkommen","status":"publish","type":"page","link":"https:\/\/wolke-8.ch\/wp\/","title":{"rendered":"Willkommen"},"content":{"rendered":"<div class=\"wpb-content-wrapper\"><p>[vc_row full_width=&#8220;stretch_row_content&#8220; full_height=&#8220;yes&#8220; columns_placement=&#8220;stretch&#8220; content_placement=&#8220;middle&#8220; parallax=&#8220;content-moving&#8220; disable_background_image=&#8220;&#8220; content_text_aligment=&#8220;center&#8220; simple_background_image=&#8220;3076&#8243; background_image_position=&#8220;center&#8220;][vc_column][vc_row_inner content_placement=&#8220;middle&#8220;][vc_column_inner]<div class=\"edgtf-section-title-holder  edgtf-st-standard edgtf-st-title-left edgtf-st-normal-space \" style=\"text-align: center\">\n\t<div class=\"edgtf-st-inner\">\n\t\t\t\t\t<h3 class=\"edgtf-st-title\" style=\"color: #ffffff\">\n\t\t\t\tIN DER NATUR LIEGT DIE KRAFT\t\t\t<\/h3>\n\t\t\t\t\t<\/div>\n<\/div>[vc_empty_space][\/vc_column_inner][\/vc_row_inner][vc_row_inner content_placement=&#8220;bottom&#8220; disable_element=&#8220;yes&#8220; content_text_aligment=&#8220;center&#8220; css=&#8220;.vc_custom_1765569040540{margin-bottom: 0px !important;}&#8220;][vc_column_inner][vc_icon type=&#8220;material&#8220; icon_material=&#8220;vc-material vc-material-keyboard_arrow_down&#8220; color=&#8220;white&#8220; background_style=&#8220;boxed&#8220; background_color=&#8220;custom&#8220; size=&#8220;lg&#8220; align=&#8220;center&#8220; css_animation=&#8220;bottom-to-top&#8220; custom_background_color=&#8220;rgba(87,87,85,0.01)&#8220; el_id=&#8220;scroll_down_arrow&#8220;][\/vc_column_inner][\/vc_row_inner][\/vc_column][\/vc_row][vc_row row_content_width=&#8220;grid&#8220;][vc_column][vc_empty_space height=&#8220;60px&#8220;][vc_empty_space][\/vc_column][\/vc_row][vc_row row_content_width=&#8220;grid&#8220;][vc_column]<div class=\"edgtf-section-title-holder  edgtf-st-standard edgtf-st-title-left edgtf-st-normal-space \" style=\"text-align: center\">\n\t<div class=\"edgtf-st-inner\">\n\t\t\t\t\t<h2 class=\"edgtf-st-title\" >\n\t\t\t\tWOLKE 8\t\t\t<\/h2>\n\t\t\t\t\t<\/div>\n<\/div>[vc_empty_space height=&#8220;20px&#8220;][vc_column_text]<\/p>\n<p style=\"text-align: center;\">Ein ganzheitlicher Ansatz f\u00fcr das Wohlbefinden, fokussiert auf ein Leben in einem ruhigeren Tempo.<br \/>\nAus Licht, W\u00e4rme, Klang und Energie entsteht eine angenehme Atmosph\u00e4re zur \u00fcppigen Au\u00dfenwelt die harmonisch miteinander verschmilzt.<br \/>\nLehnen Sie sich zur\u00fcck und genie\u00dfen Sie pers\u00f6nliches Wellness in einer Umgebung von heilender nat\u00fcrlicher Sch\u00f6nheit.<br \/>\nAll das ergibt eine entspannte Stimmung, die die M\u00f6glichkeit bietet, Pause zu machen, neue Energie zu tanken und sich zu regenerieren.<\/p>\n<p>[\/vc_column_text][vc_empty_space height=&#8220;80px&#8220;][vc_masonry_media_grid gap=&#8220;15&#8243; item=&#8220;mediaGrid_Default&#8220; initial_loading_animation=&#8220;fadeIn&#8220; css=&#8220;.vc_custom_1765115383903{background-color: #ffffff !important;}&#8220; grid_id=&#8220;vc_gid:1765575109672-51db86d5-8a09-10&#8243; include=&#8220;2720,3612,2707,3608,973,3609,3184,3611,2702,2712,3613,2701&#8243;][\/vc_column][\/vc_row][vc_row content_placement=&#8220;middle&#8220; parallax=&#8220;content-moving&#8220; row_content_width=&#8220;grid&#8220; css=&#8220;.vc_custom_1765575207433{background-color: #ffffff !important;}&#8220;][vc_column css=&#8220;.vc_custom_1744461821946{background-color: #FFFFFF !important;}&#8220;][vc_empty_space height=&#8220;40px&#8220;]<div class=\"edgtf-section-title-holder  edgtf-st-standard edgtf-st-title-left edgtf-st-normal-space \" style=\"text-align: center\">\n\t<div class=\"edgtf-st-inner\">\n\t\t\t\t\t<h3 class=\"edgtf-st-title\" >\n\t\t\t\tMONATSANGEBOT\t\t\t<\/h3>\n\t\t\t\t\t<\/div>\n<\/div>[vc_empty_space height=&#8220;20px&#8220;][vc_column_text]<\/p>\n<p style=\"text-align: center;\">Regelm\u00e4\u00dfig geplante Monatsangebote ermutigen die G\u00e4ste, das SPA Menu kennenzulernen oder f\u00fcr neues zu inspirieren.<br \/>\nPflegen Sie Ihr Wohlbefinden und schweben Sie auf Wolke 8.<\/p>\n<p>[\/vc_column_text][vc_empty_space height=&#8220;60px&#8220;][vc_basic_grid post_type=&#8220;post&#8220; max_items=&#8220;1&#8243; element_width=&#8220;12&#8243; gap=&#8220;0&#8243; item=&#8220;3321&#8243; grid_id=&#8220;vc_gid:1765575109672-45ecdc28-0829-3&#8243; taxonomies=&#8220;3&#8243;][vc_empty_space height=&#8220;100px&#8220;][\/vc_column][\/vc_row][vc_row content_placement=&#8220;middle&#8220; disable_element=&#8220;yes&#8220; row_content_width=&#8220;grid&#8220; simple_background_color=&#8220;#c1bfbe&#8220;][vc_column][vc_empty_space height=&#8220;45px&#8220;]<div class=\"edgtf-section-title-holder  edgtf-st-standard edgtf-st-title-left edgtf-st-normal-space \" style=\"text-align: center\">\n\t<div class=\"edgtf-st-inner\">\n\t\t\t\t\t<h3 class=\"edgtf-st-title\" >\n\t\t\t\tUnser Team\t\t\t<\/h3>\n\t\t\t\t\t\t\t<p class=\"edgtf-st-text\" style=\"color: #000000\">\n\t\t\t\tBei uns liegt die individuelle Beratung und Behandlung an allererster Stelle.<br \/>\nSeverina, unser antreibendes Herz im Hintergrund, hat diese kleine Traumwelt \u201cWOLKE 8\u201d erschaffen und verw\u00f6hnt Sie gerne mit Massagen aus unserem vielf\u00e4ltigen Massageangebot. Severinas Tochter Sabrina, der Sonnenschein im WOLKE 8-Team, wird Sie mit ihrer pr\u00e4zisen Arbeitsweise \u00fcberzeugen und weiss genau, wie sie Ihren Makeln ein Ende setzen wird. Manuela ist eine engagierte, erfrischende Pers\u00f6nlichkeit und erg\u00e4nzt das Team perfekt in beiden Bereichen Kosmetik und Massagen.\nKommen Sie vorbei, wir beraten Sie gerne bei Fragen zur Gesichts- und K\u00f6rperpflege, Sch\u00f6nheit, Kosmetik und Massagen.\t\t\t<\/p>\n\t\t\t<\/div>\n<\/div>[vc_empty_space height=&#8220;15px&#8220;]<div class=\"edgtf-elements-holder   edgtf-three-columns  edgtf-responsive-mode-480 edgtf-one-column-alignment-left\" ><div class=\"edgtf-eh-item    \"  data-item-class=\"edgtf-eh-custom-1267\">\n\t<div class=\"edgtf-eh-item-inner\">\n\t\t<div class=\"edgtf-eh-item-content edgtf-eh-custom-1267\" >\n\t\t\t<div class=\"edgtf-team-holder edgtf-team-info-below-image\">\n\t<div class=\"edgtf-team-inner\">\n\t\t\t\t\t<div class=\"edgtf-team-image\">\n                \t\t\t<\/div>\n\t\t\t\t<div class=\"edgtf-team-info\">\n\t\t\t\t\t\t\t<h5 class=\"edgtf-team-name\" >Severina Schumacher<\/h5>\n\t\t\t\t\t\t\t\t\t\t<h6 class=\"edgtf-team-position\" style=\"color: #ffffff\">Dipl. Wellnessmasseurin, Inhaberin<\/h6>\n\t\t\t\t\t\t\t\t\t\t\t<\/div>\n\t<\/div>\n<\/div>\t\t<\/div>\n\t<\/div>\n<\/div><div class=\"edgtf-eh-item    \"  data-item-class=\"edgtf-eh-custom-8353\">\n\t<div class=\"edgtf-eh-item-inner\">\n\t\t<div class=\"edgtf-eh-item-content edgtf-eh-custom-8353\" >\n\t\t\t<div class=\"edgtf-team-holder edgtf-team-info-below-image\">\n\t<div class=\"edgtf-team-inner\">\n\t\t\t\t\t<div class=\"edgtf-team-image\">\n                \t\t\t<\/div>\n\t\t\t\t<div class=\"edgtf-team-info\">\n\t\t\t\t\t\t\t<h5 class=\"edgtf-team-name\" >Sabrina Schumacher<\/h5>\n\t\t\t\t\t\t\t\t\t\t<h6 class=\"edgtf-team-position\" style=\"color: #ffffff\">Eidg. gepr\u00fcfte Kosmetikerin EFZ, Gesch\u00e4ftsf\u00fchrerin<\/h6>\n\t\t\t\t\t\t\t\t\t\t\t<\/div>\n\t<\/div>\n<\/div>\t\t<\/div>\n\t<\/div>\n<\/div><div class=\"edgtf-eh-item    \"  data-item-class=\"edgtf-eh-custom-6823\">\n\t<div class=\"edgtf-eh-item-inner\">\n\t\t<div class=\"edgtf-eh-item-content edgtf-eh-custom-6823\" >\n\t\t\t<div class=\"edgtf-team-holder edgtf-team-info-below-image\">\n\t<div class=\"edgtf-team-inner\">\n\t\t\t\t\t<div class=\"edgtf-team-image\">\n                \t\t\t<\/div>\n\t\t\t\t<div class=\"edgtf-team-info\">\n\t\t\t\t\t\t\t<h5 class=\"edgtf-team-name\" >Manuela Brunner<\/h5>\n\t\t\t\t\t\t\t\t\t\t<h6 class=\"edgtf-team-position\" style=\"color: #ffffff\">Dipl. Kosmetikerin\/Masseurin<\/h6>\n\t\t\t\t\t\t\t\t\t\t\t<\/div>\n\t<\/div>\n<\/div>\t\t<\/div>\n\t<\/div>\n<\/div><\/div>[vc_empty_space height=&#8220;15px&#8220;][\/vc_column][\/vc_row][vc_row][vc_column][\/vc_column][\/vc_row]<\/p>\n<\/div>","protected":false},"excerpt":{"rendered":"<p>[vc_row full_width=&#8220;stretch_row_content&#8220; full_height=&#8220;yes&#8220; columns_placement=&#8220;stretch&#8220; content_placement=&#8220;middle&#8220; parallax=&#8220;content-moving&#8220; disable_background_image=&#8220;&#8220; content_text_aligment=&#8220;center&#8220; simple_background_image=&#8220;3076&#8243; background_image_position=&#8220;center&#8220;][vc_column][vc_row_inner content_placement=&#8220;middle&#8220;][vc_column_inner][vc_empty_space][\/vc_column_inner][\/vc_row_inner][vc_row_inner content_placement=&#8220;bottom&#8220; disable_element=&#8220;yes&#8220; content_text_aligment=&#8220;center&#8220; css=&#8220;.vc_custom_1765569040540{margin-bottom: 0px !important;}&#8220;][vc_column_inner][vc_icon type=&#8220;material&#8220; icon_material=&#8220;vc-material vc-material-keyboard_arrow_down&#8220; color=&#8220;white&#8220; background_style=&#8220;boxed&#8220; background_color=&#8220;custom&#8220; size=&#8220;lg&#8220; align=&#8220;center&#8220; [&hellip;]<\/p>\n","protected":false},"author":2,"featured_media":0,"parent":0,"menu_order":0,"comment_status":"closed","ping_status":"closed","template":"full-width.php","meta":{"footnotes":""},"class_list":["post-2078","page","type-page","status-publish","hentry"],"_links":{"self":[{"href":"https:\/\/wolke-8.ch\/wp\/wp-json\/wp\/v2\/pages\/2078","targetHints":{"allow":["GET"]}}],"collection":[{"href":"https:\/\/wolke-8.ch\/wp\/wp-json\/wp\/v2\/pages"}],"about":[{"href":"https:\/\/wolke-8.ch\/wp\/wp-json\/wp\/v2\/types\/page"}],"author":[{"embeddable":true,"href":"https:\/\/wolke-8.ch\/wp\/wp-json\/wp\/v2\/users\/2"}],"replies":[{"embeddable":true,"href":"https:\/\/wolke-8.ch\/wp\/wp-json\/wp\/v2\/comments?post=2078"}],"version-history":[{"count":230,"href":"https:\/\/wolke-8.ch\/wp\/wp-json\/wp\/v2\/pages\/2078\/revisions"}],"predecessor-version":[{"id":3929,"href":"https:\/\/wolke-8.ch\/wp\/wp-json\/wp\/v2\/pages\/2078\/revisions\/3929"}],"wp:attachment":[{"href":"https:\/\/wolke-8.ch\/wp\/wp-json\/wp\/v2\/media?parent=2078"}],"curies":[{"name":"wp","href":"https:\/\/api.w.org\/{rel}","templated":true}]}}